{"id":596,"date":"2024-11-22T12:40:23","date_gmt":"2024-11-22T12:40:23","guid":{"rendered":"https:\/\/wokcurryliepaja.lv\/?page_id=596"},"modified":"2024-11-24T01:25:54","modified_gmt":"2024-11-24T01:25:54","slug":"jaunumi","status":"publish","type":"page","link":"https:\/\/wokcurryliepaja.lv\/en\/jaunumi\/","title":{"rendered":"News"},"content":{"rendered":"\t\t<div data-elementor-type=\"wp-page\" data-elementor-id=\"596\" class=\"elementor elementor-596\" data-elementor-post-type=\"page\">\n\t\t\t\t<div class=\"elementor-element elementor-element-09a8e80 e-flex e-con-boxed e-con e-parent\" data-id=\"09a8e80\" data-element_type=\"container\" data-e-type=\"container\">\n\t\t\t\t\t<div class=\"e-con-inner\">\n\t\t\t\t<div class=\"elementor-element elementor-element-a27b116 elementor-widget elementor-widget-heading\" data-id=\"a27b116\" data-element_type=\"widget\" data-e-type=\"widget\" data-widget_type=\"heading.default\">\n\t\t\t\t<div class=\"elementor-widget-container\">\n\t\t\t\t\t<h2 class=\"elementor-heading-title elementor-size-default\">Jaunumi<\/h2>\t\t\t\t<\/div>\n\t\t\t\t<\/div>\n\t\t\t\t<div class=\"elementor-element elementor-element-87bb34f elementor-grid-3 elementor-grid-tablet-2 elementor-grid-mobile-1 elementor-widget elementor-widget-loop-grid\" data-id=\"87bb34f\" data-element_type=\"widget\" data-e-type=\"widget\" data-settings=\"{&quot;template_id&quot;:&quot;604&quot;,&quot;_skin&quot;:&quot;post&quot;,&quot;columns&quot;:&quot;3&quot;,&quot;columns_tablet&quot;:&quot;2&quot;,&quot;columns_mobile&quot;:&quot;1&quot;,&quot;edit_handle_selector&quot;:&quot;[data-elementor-type=\\&quot;loop-item\\&quot;]&quot;,&quot;row_gap&quot;:{&quot;unit&quot;:&quot;px&quot;,&quot;size&quot;:&quot;&quot;,&quot;sizes&quot;:[]},&quot;row_gap_tablet&quot;:{&quot;unit&quot;:&quot;px&quot;,&quot;size&quot;:&quot;&quot;,&quot;sizes&quot;:[]},&quot;row_gap_mobile&quot;:{&quot;unit&quot;:&quot;px&quot;,&quot;size&quot;:&quot;&quot;,&quot;sizes&quot;:[]}}\" data-widget_type=\"loop-grid.post\">\n\t\t\t\t<div class=\"elementor-widget-container\">\n\t\t\t\t\t\t\t<div class=\"elementor-loop-container elementor-grid\" role=\"list\">\n\t\t<style id=\"loop-604\">.elementor-604 .elementor-element.elementor-element-0fa44df{--display:flex;--flex-direction:column;--container-widget-width:100%;--container-widget-height:initial;--container-widget-flex-grow:0;--container-widget-align-self:initial;--flex-wrap-mobile:wrap;--padding-top:0px;--padding-bottom:0px;--padding-left:0px;--padding-right:0px;}.elementor-604 .elementor-element.elementor-element-0fa44df:hover{box-shadow:0px 0px 15px -3px rgba(0,0,0,0.5);}.elementor-widget-theme-post-featured-image .widget-image-caption{color:var( --e-global-color-text );font-family:var( --e-global-typography-text-font-family ), Sans-serif;font-weight:var( --e-global-typography-text-font-weight );}.elementor-widget-theme-post-title .elementor-heading-title{font-family:var( --e-global-typography-primary-font-family ), Sans-serif;font-weight:var( --e-global-typography-primary-font-weight );color:var( --e-global-color-primary );}<\/style>\t\t<div data-elementor-type=\"loop-item\" data-elementor-id=\"604\" class=\"elementor elementor-604 e-loop-item e-loop-item-607 post-607 post type-post status-publish format-standard has-post-thumbnail hentry category-blog\" data-elementor-post-type=\"elementor_library\" data-custom-edit-handle=\"1\">\n\t\t\t<div class=\"elementor-element elementor-element-0fa44df e-flex e-con-boxed e-con e-parent\" data-id=\"0fa44df\" data-element_type=\"container\" data-e-type=\"container\">\n\t\t\t\t\t<div class=\"e-con-inner\">\n\t\t\t\t<div class=\"elementor-element elementor-element-234c724 elementor-widget elementor-widget-theme-post-featured-image elementor-widget-image\" data-id=\"234c724\" data-element_type=\"widget\" data-e-type=\"widget\" data-widget_type=\"theme-post-featured-image.default\">\n\t\t\t\t<div class=\"elementor-widget-container\">\n\t\t\t\t\t\t\t\t\t\t\t\t\t\t\t<img fetchpriority=\"high\" decoding=\"async\" width=\"640\" height=\"427\" src=\"https:\/\/wokcurryliepaja.lv\/wp-content\/uploads\/2024\/11\/1-1024x683.jpg\" class=\"attachment-large size-large wp-image-608\" alt=\"\" srcset=\"https:\/\/wokcurryliepaja.lv\/wp-content\/uploads\/2024\/11\/1-1024x683.jpg 1024w, https:\/\/wokcurryliepaja.lv\/wp-content\/uploads\/2024\/11\/1-300x200.jpg 300w, https:\/\/wokcurryliepaja.lv\/wp-content\/uploads\/2024\/11\/1-768x512.jpg 768w, https:\/\/wokcurryliepaja.lv\/wp-content\/uploads\/2024\/11\/1-1536x1024.jpg 1536w, https:\/\/wokcurryliepaja.lv\/wp-content\/uploads\/2024\/11\/1-2048x1365.jpg 2048w, https:\/\/wokcurryliepaja.lv\/wp-content\/uploads\/2024\/11\/1-18x12.jpg 18w\" sizes=\"(max-width: 640px) 100vw, 640px\" \/>\t\t\t\t\t\t\t\t\t\t\t\t\t\t\t<\/div>\n\t\t\t\t<\/div>\n\t\t\t\t<div class=\"elementor-element elementor-element-cef5f8d elementor-widget elementor-widget-theme-post-title elementor-page-title elementor-widget-heading\" data-id=\"cef5f8d\" data-element_type=\"widget\" data-e-type=\"widget\" data-widget_type=\"theme-post-title.default\">\n\t\t\t\t<div class=\"elementor-widget-container\">\n\t\t\t\t\t<h3 class=\"elementor-heading-title elementor-size-default\">Halal \u0113diens Liep\u0101j\u0101<\/h3>\t\t\t\t<\/div>\n\t\t\t\t<\/div>\n\t\t\t\t\t<\/div>\n\t\t\t\t<\/div>\n\t\t\t\t<\/div>\n\t\t\t\t<\/div>\n\t\t\n\t\t\t\t\t\t<\/div>\n\t\t\t\t<\/div>\n\t\t\t\t\t<\/div>\n\t\t\t\t<\/div>\n\t\t\t\t<\/div>\n\t\t","protected":false},"excerpt":{"rendered":"<p>News<\/p>","protected":false},"author":2,"featured_media":0,"parent":0,"menu_order":0,"comment_status":"closed","ping_status":"closed","template":"elementor_header_footer","meta":{"_acf_changed":false,"inline_featured_image":false,"footnotes":""},"class_list":["post-596","page","type-page","status-publish","hentry"],"acf":[],"yoast_head":"<!-- This site is optimized with the Yoast SEO Premium plugin v23.0 (Yoast SEO v27.4) - https:\/\/yoast.com\/product\/yoast-seo-premium-wordpress\/ -->\n<title>Jaunumi - Wok &amp; Curry Liep\u0101ja<\/title>\n<meta name=\"robots\" content=\"index, follow, max-snippet:-1, max-image-preview:large, max-video-preview:-1\" \/>\n<link rel=\"canonical\" href=\"https:\/\/wokcurryliepaja.lv\/en\/jaunumi\/\" \/>\n<meta property=\"og:locale\" content=\"en_GB\" \/>\n<meta property=\"og:type\" content=\"article\" \/>\n<meta property=\"og:title\" content=\"Jaunumi\" \/>\n<meta property=\"og:description\" content=\"Jaunumi\" \/>\n<meta property=\"og:url\" content=\"https:\/\/wokcurryliepaja.lv\/en\/jaunumi\/\" \/>\n<meta property=\"og:site_name\" content=\"Wok &amp; Curry Liep\u0101ja\" \/>\n<meta property=\"article:publisher\" content=\"https:\/\/www.facebook.com\/profile.php?id=61559723831228\" \/>\n<meta property=\"article:modified_time\" content=\"2024-11-24T01:25:54+00:00\" \/>\n<meta name=\"twitter:card\" content=\"summary_large_image\" \/>\n<meta name=\"twitter:label1\" content=\"Estimated reading time\" \/>\n\t<meta name=\"twitter:data1\" content=\"1 minute\" \/>\n<script type=\"application\/ld+json\" class=\"yoast-schema-graph\">{\"@context\":\"https:\\\/\\\/schema.org\",\"@graph\":[{\"@type\":\"WebPage\",\"@id\":\"https:\\\/\\\/wokcurryliepaja.lv\\\/jaunumi\\\/\",\"url\":\"https:\\\/\\\/wokcurryliepaja.lv\\\/jaunumi\\\/\",\"name\":\"Jaunumi - Wok &amp; Curry Liep\u0101ja\",\"isPartOf\":{\"@id\":\"https:\\\/\\\/wokcurryliepaja.lv\\\/#website\"},\"datePublished\":\"2024-11-22T12:40:23+00:00\",\"dateModified\":\"2024-11-24T01:25:54+00:00\",\"breadcrumb\":{\"@id\":\"https:\\\/\\\/wokcurryliepaja.lv\\\/jaunumi\\\/#breadcrumb\"},\"inLanguage\":\"en-GB\",\"potentialAction\":[{\"@type\":\"ReadAction\",\"target\":[\"https:\\\/\\\/wokcurryliepaja.lv\\\/jaunumi\\\/\"]}]},{\"@type\":\"BreadcrumbList\",\"@id\":\"https:\\\/\\\/wokcurryliepaja.lv\\\/jaunumi\\\/#breadcrumb\",\"itemListElement\":[{\"@type\":\"ListItem\",\"position\":1,\"name\":\"Home\",\"item\":\"https:\\\/\\\/wokcurryliepaja.lv\\\/\"},{\"@type\":\"ListItem\",\"position\":2,\"name\":\"Jaunumi\"}]},{\"@type\":\"WebSite\",\"@id\":\"https:\\\/\\\/wokcurryliepaja.lv\\\/#website\",\"url\":\"https:\\\/\\\/wokcurryliepaja.lv\\\/\",\"name\":\"Wok & Curry Liep\u0101ja\",\"description\":\"Gard\u0101kais wok un curry Liep\u0101j\u0101\",\"publisher\":{\"@id\":\"https:\\\/\\\/wokcurryliepaja.lv\\\/#organization\"},\"potentialAction\":[{\"@type\":\"SearchAction\",\"target\":{\"@type\":\"EntryPoint\",\"urlTemplate\":\"https:\\\/\\\/wokcurryliepaja.lv\\\/?s={search_term_string}\"},\"query-input\":{\"@type\":\"PropertyValueSpecification\",\"valueRequired\":true,\"valueName\":\"search_term_string\"}}],\"inLanguage\":\"en-GB\"},{\"@type\":\"Organization\",\"@id\":\"https:\\\/\\\/wokcurryliepaja.lv\\\/#organization\",\"name\":\"Wok & Curry Liep\u0101ja\",\"url\":\"https:\\\/\\\/wokcurryliepaja.lv\\\/\",\"logo\":{\"@type\":\"ImageObject\",\"inLanguage\":\"en-GB\",\"@id\":\"https:\\\/\\\/wokcurryliepaja.lv\\\/#\\\/schema\\\/logo\\\/image\\\/\",\"url\":\"https:\\\/\\\/wokcurryliepaja.lv\\\/wp-content\\\/uploads\\\/2024\\\/05\\\/WokCurry_Logo-02-01-e1715954036675.png\",\"contentUrl\":\"https:\\\/\\\/wokcurryliepaja.lv\\\/wp-content\\\/uploads\\\/2024\\\/05\\\/WokCurry_Logo-02-01-e1715954036675.png\",\"width\":1172,\"height\":1184,\"caption\":\"Wok & Curry Liep\u0101ja\"},\"image\":{\"@id\":\"https:\\\/\\\/wokcurryliepaja.lv\\\/#\\\/schema\\\/logo\\\/image\\\/\"},\"sameAs\":[\"https:\\\/\\\/www.facebook.com\\\/profile.php?id=61559723831228\",\"https:\\\/\\\/www.instagram.com\\\/wok_curry_liepaja\\\/\"]}]}<\/script>\n<!-- \/ Yoast SEO Premium plugin. -->","yoast_head_json":{"title":"Jaunumi - Wok &amp; Curry Liep\u0101ja","robots":{"index":"index","follow":"follow","max-snippet":"max-snippet:-1","max-image-preview":"max-image-preview:large","max-video-preview":"max-video-preview:-1"},"canonical":"https:\/\/wokcurryliepaja.lv\/en\/jaunumi\/","og_locale":"en_GB","og_type":"article","og_title":"Jaunumi","og_description":"Jaunumi","og_url":"https:\/\/wokcurryliepaja.lv\/en\/jaunumi\/","og_site_name":"Wok &amp; Curry Liep\u0101ja","article_publisher":"https:\/\/www.facebook.com\/profile.php?id=61559723831228","article_modified_time":"2024-11-24T01:25:54+00:00","twitter_card":"summary_large_image","twitter_misc":{"Estimated reading time":"1 minute"},"schema":{"@context":"https:\/\/schema.org","@graph":[{"@type":"WebPage","@id":"https:\/\/wokcurryliepaja.lv\/jaunumi\/","url":"https:\/\/wokcurryliepaja.lv\/jaunumi\/","name":"Jaunumi - Wok &amp; Curry Liep\u0101ja","isPartOf":{"@id":"https:\/\/wokcurryliepaja.lv\/#website"},"datePublished":"2024-11-22T12:40:23+00:00","dateModified":"2024-11-24T01:25:54+00:00","breadcrumb":{"@id":"https:\/\/wokcurryliepaja.lv\/jaunumi\/#breadcrumb"},"inLanguage":"en-GB","potentialAction":[{"@type":"ReadAction","target":["https:\/\/wokcurryliepaja.lv\/jaunumi\/"]}]},{"@type":"BreadcrumbList","@id":"https:\/\/wokcurryliepaja.lv\/jaunumi\/#breadcrumb","itemListElement":[{"@type":"ListItem","position":1,"name":"Home","item":"https:\/\/wokcurryliepaja.lv\/"},{"@type":"ListItem","position":2,"name":"Jaunumi"}]},{"@type":"WebSite","@id":"https:\/\/wokcurryliepaja.lv\/#website","url":"https:\/\/wokcurryliepaja.lv\/","name":"Wok & Curry Liep\u0101ja","description":"Gard\u0101kais wok un curry Liep\u0101j\u0101","publisher":{"@id":"https:\/\/wokcurryliepaja.lv\/#organization"},"potentialAction":[{"@type":"SearchAction","target":{"@type":"EntryPoint","urlTemplate":"https:\/\/wokcurryliepaja.lv\/?s={search_term_string}"},"query-input":{"@type":"PropertyValueSpecification","valueRequired":true,"valueName":"search_term_string"}}],"inLanguage":"en-GB"},{"@type":"Organization","@id":"https:\/\/wokcurryliepaja.lv\/#organization","name":"Wok & Curry Liep\u0101ja","url":"https:\/\/wokcurryliepaja.lv\/","logo":{"@type":"ImageObject","inLanguage":"en-GB","@id":"https:\/\/wokcurryliepaja.lv\/#\/schema\/logo\/image\/","url":"https:\/\/wokcurryliepaja.lv\/wp-content\/uploads\/2024\/05\/WokCurry_Logo-02-01-e1715954036675.png","contentUrl":"https:\/\/wokcurryliepaja.lv\/wp-content\/uploads\/2024\/05\/WokCurry_Logo-02-01-e1715954036675.png","width":1172,"height":1184,"caption":"Wok & Curry Liep\u0101ja"},"image":{"@id":"https:\/\/wokcurryliepaja.lv\/#\/schema\/logo\/image\/"},"sameAs":["https:\/\/www.facebook.com\/profile.php?id=61559723831228","https:\/\/www.instagram.com\/wok_curry_liepaja\/"]}]}},"_links":{"self":[{"href":"https:\/\/wokcurryliepaja.lv\/en\/wp-json\/wp\/v2\/pages\/596","targetHints":{"allow":["GET"]}}],"collection":[{"href":"https:\/\/wokcurryliepaja.lv\/en\/wp-json\/wp\/v2\/pages"}],"about":[{"href":"https:\/\/wokcurryliepaja.lv\/en\/wp-json\/wp\/v2\/types\/page"}],"author":[{"embeddable":true,"href":"https:\/\/wokcurryliepaja.lv\/en\/wp-json\/wp\/v2\/users\/2"}],"replies":[{"embeddable":true,"href":"https:\/\/wokcurryliepaja.lv\/en\/wp-json\/wp\/v2\/comments?post=596"}],"version-history":[{"count":7,"href":"https:\/\/wokcurryliepaja.lv\/en\/wp-json\/wp\/v2\/pages\/596\/revisions"}],"predecessor-version":[{"id":629,"href":"https:\/\/wokcurryliepaja.lv\/en\/wp-json\/wp\/v2\/pages\/596\/revisions\/629"}],"wp:attachment":[{"href":"https:\/\/wokcurryliepaja.lv\/en\/wp-json\/wp\/v2\/media?parent=596"}],"curies":[{"name":"wp","href":"https:\/\/api.w.org\/{rel}","templated":true}]}}