{"id":171,"date":"2024-06-13T21:04:56","date_gmt":"2024-06-13T21:04:56","guid":{"rendered":"https:\/\/wokcurryliepaja.lv\/?page_id=171"},"modified":"2025-05-27T08:25:15","modified_gmt":"2025-05-27T08:25:15","slug":"informacija-par-sikdatnem","status":"publish","type":"page","link":"https:\/\/wokcurryliepaja.lv\/en\/informacija-par-sikdatnem\/","title":{"rendered":"Cookie Policy"},"content":{"rendered":"<div data-elementor-type=\"wp-page\" data-elementor-id=\"171\" class=\"elementor elementor-171\" data-elementor-post-type=\"page\">\n\t\t\t\t<div class=\"elementor-element elementor-element-69b40b8 e-flex e-con-boxed e-con e-parent\" data-id=\"69b40b8\" data-element_type=\"container\" data-e-type=\"container\">\n\t\t\t\t\t<div class=\"e-con-inner\">\n\t\t\t\t<div class=\"elementor-element elementor-element-eff14dd elementor-widget elementor-widget-text-editor\" data-id=\"eff14dd\" data-element_type=\"widget\" data-e-type=\"widget\" data-widget_type=\"text-editor.default\">\n\t\t\t\t<div class=\"elementor-widget-container\">\n\t\t\t\t\t\t\t\t\t<p><strong>S\u012bkdat\u0146u politika vietnei WokCurryLiepaja.lv<\/strong><\/p>\n<p>Ievads<br>Vietn\u0113 WokCurryLiepaja.lv m\u0113s izmantojam s\u012bkfailus un l\u012bdz\u012bgas izseko\u0161anas tehnolo\u0123ijas, lai uzlabotu j\u016bsu p\u0101rl\u016bko\u0161anas pieredzi un uzlabotu m\u016bsu pakalpojumus. \u0160aj\u0101 s\u012bkdat\u0146u politik\u0101 ir paskaidrots, kas ir s\u012bkfaili, k\u0101 m\u0113s tos lietojam un j\u016bsu izv\u0113les attiec\u012bb\u0101 uz to izmanto\u0161anu.<\/p>\n<p>Kas ir s\u012bkfaili?<br>S\u012bkfaili ir mazi teksta faili, kas tiek saglab\u0101ti j\u016bsu ier\u012bc\u0113 (dator\u0101, plan\u0161etdator\u0101 vai mobilaj\u0101 ier\u012bc\u0113), kad apmekl\u0113jat vietni. Tie pal\u012bdz vietnei atcer\u0113ties j\u016bsu darb\u012bbas un preferences (piem\u0113ram, pieteik\u0161anos, valodu un citus iestat\u012bjumus) noteikt\u0101 laika period\u0101, t\u0101p\u0113c jums tie nav j\u0101ievada atk\u0101rtoti ikreiz, kad atgrie\u017eaties vietn\u0113 vai p\u0101rl\u016bkojat no vienas lapas uz otru. .<\/p>\n<p>M\u016bsu izmantojamo s\u012bkfailu veidi<br>M\u0113s vietn\u0113 WokCurryLiepaja.lv izmantojam \u0161\u0101dus s\u012bkdat\u0146u veidus:<\/p>\n<p>1. Nepiecie\u0161am\u0101s s\u012bkdatnes<br>\u0160\u012bs s\u012bkdatnes ir b\u016btiskas, lai vietne darbotos pareizi. Tie nodro\u0161ina pamata funkcijas, piem\u0113ram, lapas navig\u0101ciju un piek\u013cuvi dro\u0161\u0101m vietnes da\u013c\u0101m. Bez \u0161iem s\u012bkfailiem da\u017eas vietnes da\u013cas var nedarboties pareizi.<\/p>\n<p>2. Priek\u0161roku s\u012bkfaili<br>Preferences s\u012bkfaili \u013cauj vietnei atcer\u0113ties j\u016bsu izdar\u012bt\u0101s izv\u0113les, piem\u0113ram, valodas izv\u0113li un re\u0123ionu, lai nodro\u0161in\u0101tu personaliz\u0113t\u0101ku pieredzi.<\/p>\n<p>3. Statistikas s\u012bkfaili<br>\u0160\u012bs s\u012bkdatnes pal\u012bdz mums saprast, k\u0101 apmekl\u0113t\u0101ji mijiedarbojas ar m\u016bsu vietni, v\u0101cot un zi\u0146ojot inform\u0101ciju anon\u012bmi. Tie \u013cauj mums uzlabot m\u016bsu vietnes veiktsp\u0113ju, analiz\u0113jot apmekl\u0113t\u0101ju uzved\u012bbu.<\/p>\n<p>4. M\u0101rketinga s\u012bkfaili<br>M\u0101rketinga s\u012bkfaili tiek izmantoti, lai izsekotu apmekl\u0113t\u0101jus da\u017e\u0101d\u0101s vietn\u0113s. To m\u0113r\u0137is ir r\u0101d\u012bt rekl\u0101mas, kas ir atbilsto\u0161as un saisto\u0161as konkr\u0113tajam lietot\u0101jam. Tas ietver s\u012bkfailus, ko izmanto Google Maps.<\/p>\n<p>Google Maps un m\u0101rketinga s\u012bkfaili<br>M\u016bsu vietne izmanto Google Maps, lai nodro\u0161in\u0101tu atra\u0161an\u0101s vietas pakalpojumus. Google Maps izmanto m\u0101rketinga s\u012bkfailus, lai izsekotu lietot\u0101ju mijiedarb\u012bbu un apkopotu inform\u0101ciju, kas pal\u012bdz uzlabot vi\u0146u pakalpojumus un nodro\u0161in\u0101t m\u0113r\u0137tiec\u012bgas rekl\u0101mas. Lai ieg\u016btu papildinform\u0101ciju par to, k\u0101 Google izmanto s\u012bkfailus, l\u016bdzu, skatiet Google s\u012bkfailu politiku.<\/p>\n<p>K\u0101 m\u0113s izmantojam s\u012bkfailus<br>M\u0113s izmantojam s\u012bkfailus, lai:<\/p>\n<p>Atcerieties savas preferences un iestat\u012bjumus.<br>Izprotiet un analiz\u0113jiet, k\u0101 izmantojat m\u016bsu vietni.<br>Nodro\u0161iniet personaliz\u0113tu saturu un rekl\u0101mas.<br>Uzlabojiet m\u016bsu vietnes veiktsp\u0113ju un lieto\u0161anas pieredzi.<br>S\u012bkdat\u0146u p\u0101rvald\u012bba<br>Jums ir ties\u012bbas izlemt, vai pie\u0146emt vai noraid\u012bt s\u012bkfailus. S\u012bkdat\u0146u preferences varat p\u0101rvald\u012bt, izmantojot p\u0101rl\u016bkprogrammas iestat\u012bjumus. L\u016bk, k\u0101 to var izdar\u012bt:<\/p>\n<p>P\u0101rl\u016bka iestat\u012bjumi: liel\u0101k\u0101 da\u013ca t\u012bmek\u013ca p\u0101rl\u016bkprogrammu \u013cauj kontrol\u0113t s\u012bkfailus, izmantojot to iestat\u012bjumus. Varat iestat\u012bt savu p\u0101rl\u016bkprogrammu s\u012bkfailu blo\u0137\u0113\u0161anai vai dz\u0113\u0161anai. Lai ieg\u016btu papildinform\u0101ciju par s\u012bkfailu p\u0101rvald\u012bbu popul\u0101r\u0101s p\u0101rl\u016bkprogramm\u0101s, l\u016bdzu, apmekl\u0113jiet \u0161\u012bs saites:<\/p>\n<p>Google Chrome<br>Mozilla Firefox<br>Microsoft Edge<br>Safari<br>Atteik\u0161an\u0101s r\u012bki: varat ar\u012b atteikties no Google Analytics s\u012bkfailiem, instal\u0113jot Google Analytics atteik\u0161an\u0101s p\u0101rl\u016bkprogrammas papildin\u0101jumu.<\/p>\n<p>L\u016bdzu, \u0146emiet v\u0113r\u0101, ka s\u012bkdat\u0146u blo\u0137\u0113\u0161ana vai dz\u0113\u0161ana var ietekm\u0113t j\u016bsu pieredzi m\u016bsu vietn\u0113 un ierobe\u017eot m\u016bsu sniegtos pakalpojumus.<\/p>\n<p>Izmai\u0146as \u0161aj\u0101 s\u012bkdat\u0146u politik\u0101<br>M\u0113s varam laiku pa laikam atjaunin\u0101t \u0161o s\u012bkfailu politiku, lai atspogu\u013cotu izmai\u0146as m\u016bsu praks\u0113 vai citu darb\u012bbas, juridisku vai regul\u0113jo\u0161u iemeslu d\u0113\u013c. Visas izmai\u0146as tiks public\u0113tas \u0161aj\u0101 lap\u0101 ar atjaunin\u0101tu sp\u0113k\u0101 st\u0101\u0161an\u0101s datumu. M\u0113s iesak\u0101m periodiski p\u0101rskat\u012bt \u0161o politiku.<\/p>\n<p>Sazinies ar mums<br>Ja jums ir k\u0101di jaut\u0101jumi vai ba\u017eas par m\u016bsu s\u012bkdat\u0146u izmanto\u0161anu, l\u016bdzu, sazinieties ar mums:<\/p>\n<p>WokCurryLiepaja.lv<br>E-pasts: info@wokcurryliepaja.lv<br>T\u0101lrunis: +371 22040734<br>Adrese: Tirgo\u0146u iela 20, Liep\u0101ja, Latvija<\/p>\t\t\t\t\t\t\t\t<\/div>\n\t\t\t\t<\/div>\n\t\t\t\t\t<\/div>\n\t\t\t\t<\/div>\n\t\t\t\t<\/div>","protected":false},"excerpt":{"rendered":"<p>S\u012bkdat\u0146u politika vietnei WokCurryLiepaja.lv IevadsVietn\u0113 WokCurryLiepaja.lv m\u0113s izmantojam s\u012bkfailus un l\u012bdz\u012bgas izseko\u0161anas tehnolo\u0123ijas, lai uzlabotu j\u016bsu p\u0101rl\u016bko\u0161anas pieredzi un uzlabotu m\u016bsu pakalpojumus. \u0160aj\u0101 s\u012bkdat\u0146u politik\u0101 ir paskaidrots, kas ir s\u012bkfaili, k\u0101 m\u0113s tos lietojam un j\u016bsu izv\u0113les attiec\u012bb\u0101 uz to izmanto\u0161anu. Kas ir s\u012bkfaili?S\u012bkfaili ir mazi teksta faili, kas tiek saglab\u0101ti j\u016bsu ier\u012bc\u0113 (dator\u0101, plan\u0161etdator\u0101 [&hellip;]<\/p>\n","protected":false},"author":2,"featured_media":0,"parent":0,"menu_order":0,"comment_status":"closed","ping_status":"closed","template":"elementor_header_footer","meta":{"_acf_changed":false,"inline_featured_image":false,"footnotes":""},"class_list":["post-171","page","type-page","status-publish","hentry"],"acf":[],"yoast_head":"<!-- This site is optimized with the Yoast SEO Premium plugin v23.0 (Yoast SEO v27.4) - https:\/\/yoast.com\/product\/yoast-seo-premium-wordpress\/ -->\n<title>Inform\u0101cija par s\u012bkdatn\u0113m - Wok &amp; Curry Liep\u0101ja<\/title>\n<meta name=\"robots\" content=\"index, follow, max-snippet:-1, max-image-preview:large, max-video-preview:-1\" \/>\n<link rel=\"canonical\" href=\"https:\/\/wokcurryliepaja.lv\/en\/informacija-par-sikdatnem\/\" \/>\n<meta property=\"og:locale\" content=\"en_GB\" \/>\n<meta property=\"og:type\" content=\"article\" \/>\n<meta property=\"og:title\" content=\"Inform\u0101cija par s\u012bkdatn\u0113m\" \/>\n<meta property=\"og:description\" content=\"S\u012bkdat\u0146u politika vietnei WokCurryLiepaja.lv IevadsVietn\u0113 WokCurryLiepaja.lv m\u0113s izmantojam s\u012bkfailus un l\u012bdz\u012bgas izseko\u0161anas tehnolo\u0123ijas, lai uzlabotu j\u016bsu p\u0101rl\u016bko\u0161anas pieredzi un uzlabotu m\u016bsu pakalpojumus. \u0160aj\u0101 s\u012bkdat\u0146u politik\u0101 ir paskaidrots, kas ir s\u012bkfaili, k\u0101 m\u0113s tos lietojam un j\u016bsu izv\u0113les attiec\u012bb\u0101 uz to izmanto\u0161anu. Kas ir s\u012bkfaili?S\u012bkfaili ir mazi teksta faili, kas tiek saglab\u0101ti j\u016bsu ier\u012bc\u0113 (dator\u0101, plan\u0161etdator\u0101 [&hellip;]\" \/>\n<meta property=\"og:url\" content=\"https:\/\/wokcurryliepaja.lv\/en\/informacija-par-sikdatnem\/\" \/>\n<meta property=\"og:site_name\" content=\"Wok &amp; Curry Liep\u0101ja\" \/>\n<meta property=\"article:publisher\" content=\"https:\/\/www.facebook.com\/profile.php?id=61559723831228\" \/>\n<meta property=\"article:modified_time\" content=\"2025-05-27T08:25:15+00:00\" \/>\n<meta name=\"twitter:card\" content=\"summary_large_image\" \/>\n<meta name=\"twitter:label1\" content=\"Estimated reading time\" \/>\n\t<meta name=\"twitter:data1\" content=\"3 minutes\" \/>\n<script type=\"application\/ld+json\" class=\"yoast-schema-graph\">{\"@context\":\"https:\\\/\\\/schema.org\",\"@graph\":[{\"@type\":\"WebPage\",\"@id\":\"https:\\\/\\\/wokcurryliepaja.lv\\\/informacija-par-sikdatnem\\\/\",\"url\":\"https:\\\/\\\/wokcurryliepaja.lv\\\/informacija-par-sikdatnem\\\/\",\"name\":\"Inform\u0101cija par s\u012bkdatn\u0113m - Wok &amp; Curry Liep\u0101ja\",\"isPartOf\":{\"@id\":\"https:\\\/\\\/wokcurryliepaja.lv\\\/#website\"},\"datePublished\":\"2024-06-13T21:04:56+00:00\",\"dateModified\":\"2025-05-27T08:25:15+00:00\",\"breadcrumb\":{\"@id\":\"https:\\\/\\\/wokcurryliepaja.lv\\\/informacija-par-sikdatnem\\\/#breadcrumb\"},\"inLanguage\":\"en-GB\",\"potentialAction\":[{\"@type\":\"ReadAction\",\"target\":[\"https:\\\/\\\/wokcurryliepaja.lv\\\/informacija-par-sikdatnem\\\/\"]}]},{\"@type\":\"BreadcrumbList\",\"@id\":\"https:\\\/\\\/wokcurryliepaja.lv\\\/informacija-par-sikdatnem\\\/#breadcrumb\",\"itemListElement\":[{\"@type\":\"ListItem\",\"position\":1,\"name\":\"Home\",\"item\":\"https:\\\/\\\/wokcurryliepaja.lv\\\/\"},{\"@type\":\"ListItem\",\"position\":2,\"name\":\"Inform\u0101cija par s\u012bkdatn\u0113m\"}]},{\"@type\":\"WebSite\",\"@id\":\"https:\\\/\\\/wokcurryliepaja.lv\\\/#website\",\"url\":\"https:\\\/\\\/wokcurryliepaja.lv\\\/\",\"name\":\"Wok & Curry Liep\u0101ja\",\"description\":\"Gard\u0101kais wok un curry Liep\u0101j\u0101\",\"publisher\":{\"@id\":\"https:\\\/\\\/wokcurryliepaja.lv\\\/#organization\"},\"potentialAction\":[{\"@type\":\"SearchAction\",\"target\":{\"@type\":\"EntryPoint\",\"urlTemplate\":\"https:\\\/\\\/wokcurryliepaja.lv\\\/?s={search_term_string}\"},\"query-input\":{\"@type\":\"PropertyValueSpecification\",\"valueRequired\":true,\"valueName\":\"search_term_string\"}}],\"inLanguage\":\"en-GB\"},{\"@type\":\"Organization\",\"@id\":\"https:\\\/\\\/wokcurryliepaja.lv\\\/#organization\",\"name\":\"Wok & Curry Liep\u0101ja\",\"url\":\"https:\\\/\\\/wokcurryliepaja.lv\\\/\",\"logo\":{\"@type\":\"ImageObject\",\"inLanguage\":\"en-GB\",\"@id\":\"https:\\\/\\\/wokcurryliepaja.lv\\\/#\\\/schema\\\/logo\\\/image\\\/\",\"url\":\"https:\\\/\\\/wokcurryliepaja.lv\\\/wp-content\\\/uploads\\\/2024\\\/05\\\/WokCurry_Logo-02-01-e1715954036675.png\",\"contentUrl\":\"https:\\\/\\\/wokcurryliepaja.lv\\\/wp-content\\\/uploads\\\/2024\\\/05\\\/WokCurry_Logo-02-01-e1715954036675.png\",\"width\":1172,\"height\":1184,\"caption\":\"Wok & Curry Liep\u0101ja\"},\"image\":{\"@id\":\"https:\\\/\\\/wokcurryliepaja.lv\\\/#\\\/schema\\\/logo\\\/image\\\/\"},\"sameAs\":[\"https:\\\/\\\/www.facebook.com\\\/profile.php?id=61559723831228\",\"https:\\\/\\\/www.instagram.com\\\/wok_curry_liepaja\\\/\"]}]}<\/script>\n<!-- \/ Yoast SEO Premium plugin. -->","yoast_head_json":{"title":"Inform\u0101cija par s\u012bkdatn\u0113m - Wok &amp; Curry Liep\u0101ja","robots":{"index":"index","follow":"follow","max-snippet":"max-snippet:-1","max-image-preview":"max-image-preview:large","max-video-preview":"max-video-preview:-1"},"canonical":"https:\/\/wokcurryliepaja.lv\/en\/informacija-par-sikdatnem\/","og_locale":"en_GB","og_type":"article","og_title":"Inform\u0101cija par s\u012bkdatn\u0113m","og_description":"S\u012bkdat\u0146u politika vietnei WokCurryLiepaja.lv IevadsVietn\u0113 WokCurryLiepaja.lv m\u0113s izmantojam s\u012bkfailus un l\u012bdz\u012bgas izseko\u0161anas tehnolo\u0123ijas, lai uzlabotu j\u016bsu p\u0101rl\u016bko\u0161anas pieredzi un uzlabotu m\u016bsu pakalpojumus. \u0160aj\u0101 s\u012bkdat\u0146u politik\u0101 ir paskaidrots, kas ir s\u012bkfaili, k\u0101 m\u0113s tos lietojam un j\u016bsu izv\u0113les attiec\u012bb\u0101 uz to izmanto\u0161anu. Kas ir s\u012bkfaili?S\u012bkfaili ir mazi teksta faili, kas tiek saglab\u0101ti j\u016bsu ier\u012bc\u0113 (dator\u0101, plan\u0161etdator\u0101 [&hellip;]","og_url":"https:\/\/wokcurryliepaja.lv\/en\/informacija-par-sikdatnem\/","og_site_name":"Wok &amp; Curry Liep\u0101ja","article_publisher":"https:\/\/www.facebook.com\/profile.php?id=61559723831228","article_modified_time":"2025-05-27T08:25:15+00:00","twitter_card":"summary_large_image","twitter_misc":{"Estimated reading time":"3 minutes"},"schema":{"@context":"https:\/\/schema.org","@graph":[{"@type":"WebPage","@id":"https:\/\/wokcurryliepaja.lv\/informacija-par-sikdatnem\/","url":"https:\/\/wokcurryliepaja.lv\/informacija-par-sikdatnem\/","name":"Inform\u0101cija par s\u012bkdatn\u0113m - Wok &amp; Curry Liep\u0101ja","isPartOf":{"@id":"https:\/\/wokcurryliepaja.lv\/#website"},"datePublished":"2024-06-13T21:04:56+00:00","dateModified":"2025-05-27T08:25:15+00:00","breadcrumb":{"@id":"https:\/\/wokcurryliepaja.lv\/informacija-par-sikdatnem\/#breadcrumb"},"inLanguage":"en-GB","potentialAction":[{"@type":"ReadAction","target":["https:\/\/wokcurryliepaja.lv\/informacija-par-sikdatnem\/"]}]},{"@type":"BreadcrumbList","@id":"https:\/\/wokcurryliepaja.lv\/informacija-par-sikdatnem\/#breadcrumb","itemListElement":[{"@type":"ListItem","position":1,"name":"Home","item":"https:\/\/wokcurryliepaja.lv\/"},{"@type":"ListItem","position":2,"name":"Inform\u0101cija par s\u012bkdatn\u0113m"}]},{"@type":"WebSite","@id":"https:\/\/wokcurryliepaja.lv\/#website","url":"https:\/\/wokcurryliepaja.lv\/","name":"Wok & Curry Liep\u0101ja","description":"Gard\u0101kais wok un curry Liep\u0101j\u0101","publisher":{"@id":"https:\/\/wokcurryliepaja.lv\/#organization"},"potentialAction":[{"@type":"SearchAction","target":{"@type":"EntryPoint","urlTemplate":"https:\/\/wokcurryliepaja.lv\/?s={search_term_string}"},"query-input":{"@type":"PropertyValueSpecification","valueRequired":true,"valueName":"search_term_string"}}],"inLanguage":"en-GB"},{"@type":"Organization","@id":"https:\/\/wokcurryliepaja.lv\/#organization","name":"Wok & Curry Liep\u0101ja","url":"https:\/\/wokcurryliepaja.lv\/","logo":{"@type":"ImageObject","inLanguage":"en-GB","@id":"https:\/\/wokcurryliepaja.lv\/#\/schema\/logo\/image\/","url":"https:\/\/wokcurryliepaja.lv\/wp-content\/uploads\/2024\/05\/WokCurry_Logo-02-01-e1715954036675.png","contentUrl":"https:\/\/wokcurryliepaja.lv\/wp-content\/uploads\/2024\/05\/WokCurry_Logo-02-01-e1715954036675.png","width":1172,"height":1184,"caption":"Wok & Curry Liep\u0101ja"},"image":{"@id":"https:\/\/wokcurryliepaja.lv\/#\/schema\/logo\/image\/"},"sameAs":["https:\/\/www.facebook.com\/profile.php?id=61559723831228","https:\/\/www.instagram.com\/wok_curry_liepaja\/"]}]}},"_links":{"self":[{"href":"https:\/\/wokcurryliepaja.lv\/en\/wp-json\/wp\/v2\/pages\/171","targetHints":{"allow":["GET"]}}],"collection":[{"href":"https:\/\/wokcurryliepaja.lv\/en\/wp-json\/wp\/v2\/pages"}],"about":[{"href":"https:\/\/wokcurryliepaja.lv\/en\/wp-json\/wp\/v2\/types\/page"}],"author":[{"embeddable":true,"href":"https:\/\/wokcurryliepaja.lv\/en\/wp-json\/wp\/v2\/users\/2"}],"replies":[{"embeddable":true,"href":"https:\/\/wokcurryliepaja.lv\/en\/wp-json\/wp\/v2\/comments?post=171"}],"version-history":[{"count":13,"href":"https:\/\/wokcurryliepaja.lv\/en\/wp-json\/wp\/v2\/pages\/171\/revisions"}],"predecessor-version":[{"id":661,"href":"https:\/\/wokcurryliepaja.lv\/en\/wp-json\/wp\/v2\/pages\/171\/revisions\/661"}],"wp:attachment":[{"href":"https:\/\/wokcurryliepaja.lv\/en\/wp-json\/wp\/v2\/media?parent=171"}],"curies":[{"name":"wp","href":"https:\/\/api.w.org\/{rel}","templated":true}]}}